{"id":2674,"date":"2020-11-07T12:30:19","date_gmt":"2020-11-07T20:30:19","guid":{"rendered":"http:\/\/tradesgroupnational.com\/proyectos-destacados\/"},"modified":"2024-06-08T09:27:35","modified_gmt":"2024-06-08T16:27:35","slug":"proyectos-destacados","status":"publish","type":"page","link":"https:\/\/tradesgroupnational.com\/es\/proyectos-destacados\/","title":{"rendered":"Proyectos destacados"},"content":{"rendered":"<div class=\"fusion-fullwidth fullwidth-box fusion-builder-row-1 fusion-flex-container nonhundred-percent-fullwidth non-hundred-percent-height-scrolling\" style=\"--awb-border-radius-top-left:0px;--awb-border-radius-top-right:0px;--awb-border-radius-bottom-right:0px;--awb-border-radius-bottom-left:0px;--awb-flex-wrap:wrap;\" ><div class=\"fusion-builder-row fusion-row fusion-flex-align-items-flex-start fusion-flex-content-wrap\" style=\"max-width:1216.8px;margin-left: calc(-4% \/ 2 );margin-right: calc(-4% \/ 2 );\"><div class=\"fusion-layout-column fusion_builder_column fusion-builder-column-0 fusion_builder_column_1_1 1_1 fusion-flex-column\" style=\"--awb-bg-size:cover;--awb-width-large:100%;--awb-margin-top-large:0px;--awb-spacing-right-large:1.92%;--awb-margin-bottom-large:0px;--awb-spacing-left-large:1.92%;--awb-width-medium:100%;--awb-order-medium:0;--awb-spacing-right-medium:1.92%;--awb-spacing-left-medium:1.92%;--awb-width-small:100%;--awb-order-small:0;--awb-spacing-right-small:1.92%;--awb-spacing-left-small:1.92%;\"><div class=\"fusion-column-wrapper fusion-column-has-shadow fusion-flex-justify-content-flex-start fusion-content-layout-column\"><style type=\"text\/css\">.fusion-portfolio-wrapper#fusion-portfolio-1 .fusion-portfolio-content{ padding: 25px 25px 25px 25px; text-align: left; }<\/style><div class=\"fusion-recent-works fusion-portfolio-element fusion-portfolio fusion-portfolio-1 fusion-portfolio-grid fusion-portfolio-paging-infinite fusion-portfolio-three fusion-portfolio-boxed fusion-portfolio-text\" data-id=\"-rw-1\" data-columns=\"three\"><div><ul class=\"fusion-filters\" role=\"menu\" aria-label=\"Portfolio Filters\"><li role=\"presentation\" class=\"fusion-filter fusion-filter-all fusion-active\"><a href=\"#\" data-filter=\"*\" role=\"menuitem\">All<\/a><\/li><li role=\"presentation\" class=\"fusion-filter fusion-hidden\"><a href=\"#\" data-filter=\".industrial-es\" role=\"menuitem\">Industrial<\/a><\/li><\/ul><\/div><style type=\"text\/css\">.fusion-portfolio-1 .fusion-portfolio-wrapper .fusion-col-spacing{padding:6px;}<\/style><div class=\"fusion-portfolio-wrapper\" id=\"fusion-portfolio-1\" data-picturesize=\"auto\" data-pages=\"1\" style=\"margin:-6px;\"><article id=\"portfolio-1-post-2716\" class=\"fusion-portfolio-post industrial-es fusion-col-spacing post-2716\"><div class=\"fusion-portfolio-content-wrapper\" style=\"border:1px solid #f5f5f5;border-bottom-width:3px;background-color:rgba(255,255,255,1);\"><span class=\"vcard rich-snippet-hidden\"><span class=\"fn\"><a href=\"https:\/\/tradesgroupnational.com\/es\/author\/hansnelson\/\" title=\"Entradas de HansNelson\" rel=\"author\">HansNelson<\/a><\/span><\/span><span class=\"updated rich-snippet-hidden\">2024-06-08T09:28:52-07:00<\/span><div  class=\"fusion-image-wrapper\" aria-haspopup=\"true\">\n\t\t\t\t\t\t\t<a href=\"https:\/\/tradesgroupnational.com\/es\/portfolio-items\/morton-salt-long-beach-production-facility-remodelacion-de-la-sala-de-descanso\/\" aria-label=\"Morton Salt Long Beach Production Facility &#8211; Remodelaci\u00f3n de la sala de descanso\">\n\t\t\t\t\t\t\t<img decoding=\"async\" width=\"2560\" height=\"1920\" src=\"https:\/\/tradesgroupnational.com\/wp-content\/uploads\/2020\/11\/IMG_7031-scaled.jpeg\" class=\"attachment-full size-full lazyload wp-post-image\" alt=\"\" srcset=\"data:image\/svg+xml,%3Csvg%20xmlns%3D%27http%3A%2F%2Fwww.w3.org%2F2000%2Fsvg%27%20width%3D%272560%27%20height%3D%271920%27%20viewBox%3D%270%200%202560%201920%27%3E%3Crect%20width%3D%272560%27%20height%3D%271920%27%20fill-opacity%3D%220%22%2F%3E%3C%2Fsvg%3E\" data-orig-src=\"https:\/\/tradesgroupnational.com\/wp-content\/uploads\/2020\/11\/IMG_7031-scaled.jpeg\" data-srcset=\"https:\/\/tradesgroupnational.com\/wp-content\/uploads\/2020\/11\/IMG_7031-200x150.jpeg 200w, https:\/\/tradesgroupnational.com\/wp-content\/uploads\/2020\/11\/IMG_7031-400x300.jpeg 400w, https:\/\/tradesgroupnational.com\/wp-content\/uploads\/2020\/11\/IMG_7031-600x450.jpeg 600w, https:\/\/tradesgroupnational.com\/wp-content\/uploads\/2020\/11\/IMG_7031-800x600.jpeg 800w, https:\/\/tradesgroupnational.com\/wp-content\/uploads\/2020\/11\/IMG_7031-1200x900.jpeg 1200w, https:\/\/tradesgroupnational.com\/wp-content\/uploads\/2020\/11\/IMG_7031-scaled.jpeg 2560w\" data-sizes=\"auto\" \/>\t\t\t<\/a>\n\t\t\t\t\t\t\t<\/div>\n<div class=\"fusion-portfolio-content\" style=\"background-color:rgba(255,255,255,1);\"><h2 class=\"entry-title fusion-post-title\"><a href=\"https:\/\/tradesgroupnational.com\/es\/portfolio-items\/morton-salt-long-beach-production-facility-remodelacion-de-la-sala-de-descanso\/\">Morton Salt Long Beach Production Facility &#8211; Remodelaci\u00f3n de la sala de descanso<\/a><\/h2><div class=\"fusion-portfolio-meta\"><a href=\"https:\/\/tradesgroupnational.com\/es\/portfolio_category\/industrial-es\/\" rel=\"tag\">Industrial<\/a><\/div><div class=\"fusion-content-sep sep-single sep-solid\" style=\"border-color:#eae8e8;\"><\/div><div class=\"fusion-post-content\"><p> Remodelaci\u00f3n de la sala de descanso   The Trades Group, Inc. dise\u00f1\u00f3, construy\u00f3 y entreg\u00f3 una sala de descanso de dise\u00f1o abierto y tem\u00e1tica industrial con toques (resaltados) de los colores y la industria de Morton Salt. La renovaci\u00f3n transform\u00f3 el espacio de la sala de descanso y proporciona un ambiente industrial seguro,<\/p><\/div><\/div><\/div><\/article><article id=\"portfolio-1-post-2697\" class=\"fusion-portfolio-post industrial-es fusion-col-spacing post-2697\"><div class=\"fusion-portfolio-content-wrapper\" style=\"border:1px solid #f5f5f5;border-bottom-width:3px;background-color:rgba(255,255,255,1);\"><span class=\"vcard rich-snippet-hidden\"><span class=\"fn\"><a href=\"https:\/\/tradesgroupnational.com\/es\/author\/hansnelson\/\" title=\"Entradas de HansNelson\" rel=\"author\">HansNelson<\/a><\/span><\/span><span class=\"updated rich-snippet-hidden\">2024-06-08T09:30:29-07:00<\/span><div  class=\"fusion-image-wrapper\" aria-haspopup=\"true\">\n\t\t\t\t\t\t\t<a href=\"https:\/\/tradesgroupnational.com\/es\/portfolio-items\/morton-salt-planta-de-produccion-de-long-beach-diseno-y-remodelacion-del-aseo-de-caballeros-instalacion-sin-pulsador\/\" aria-label=\"Morton Salt &#8211; Planta de producci\u00f3n de Long Beach Dise\u00f1o y remodelaci\u00f3n del aseo de caballeros &#8211; Instalaci\u00f3n sin pulsador\">\n\t\t\t\t\t\t\t<img decoding=\"async\" width=\"2560\" height=\"1920\" src=\"https:\/\/tradesgroupnational.com\/wp-content\/uploads\/2020\/11\/IMG_2065-scaled.jpeg\" class=\"attachment-full size-full lazyload wp-post-image\" alt=\"\" srcset=\"data:image\/svg+xml,%3Csvg%20xmlns%3D%27http%3A%2F%2Fwww.w3.org%2F2000%2Fsvg%27%20width%3D%272560%27%20height%3D%271920%27%20viewBox%3D%270%200%202560%201920%27%3E%3Crect%20width%3D%272560%27%20height%3D%271920%27%20fill-opacity%3D%220%22%2F%3E%3C%2Fsvg%3E\" data-orig-src=\"https:\/\/tradesgroupnational.com\/wp-content\/uploads\/2020\/11\/IMG_2065-scaled.jpeg\" data-srcset=\"https:\/\/tradesgroupnational.com\/wp-content\/uploads\/2020\/11\/IMG_2065-200x150.jpeg 200w, https:\/\/tradesgroupnational.com\/wp-content\/uploads\/2020\/11\/IMG_2065-400x300.jpeg 400w, https:\/\/tradesgroupnational.com\/wp-content\/uploads\/2020\/11\/IMG_2065-600x450.jpeg 600w, https:\/\/tradesgroupnational.com\/wp-content\/uploads\/2020\/11\/IMG_2065-800x600.jpeg 800w, https:\/\/tradesgroupnational.com\/wp-content\/uploads\/2020\/11\/IMG_2065-1200x900.jpeg 1200w, https:\/\/tradesgroupnational.com\/wp-content\/uploads\/2020\/11\/IMG_2065-scaled.jpeg 2560w\" data-sizes=\"auto\" \/>\t\t\t<\/a>\n\t\t\t\t\t\t\t<\/div>\n<div class=\"fusion-portfolio-content\" style=\"background-color:rgba(255,255,255,1);\"><h2 class=\"entry-title fusion-post-title\"><a href=\"https:\/\/tradesgroupnational.com\/es\/portfolio-items\/morton-salt-planta-de-produccion-de-long-beach-diseno-y-remodelacion-del-aseo-de-caballeros-instalacion-sin-pulsador\/\">Morton Salt &#8211; Planta de producci\u00f3n de Long Beach Dise\u00f1o y remodelaci\u00f3n del aseo de caballeros &#8211; Instalaci\u00f3n sin pulsador<\/a><\/h2><div class=\"fusion-portfolio-meta\"><a href=\"https:\/\/tradesgroupnational.com\/es\/portfolio_category\/industrial-es\/\" rel=\"tag\">Industrial<\/a><\/div><div class=\"fusion-content-sep sep-single sep-solid\" style=\"border-color:#eae8e8;\"><\/div><div class=\"fusion-post-content\"><p> Dise\u00f1o y remodelaci\u00f3n del aseo de caballeros - Instalaci\u00f3n sin contacto   The Trades Group, Inc. dise\u00f1\u00f3, construy\u00f3 y entreg\u00f3 aseos de dise\u00f1o abierto y tem\u00e1tica industrial utilizando materiales que ponen de relieve la industria de la sal de Morton. La remodelaci\u00f3n transform\u00f3 el aseo de caballeros en dos aseos sin pulsador y<\/p><\/div><\/div><\/div><\/article><article id=\"portfolio-1-post-2671\" class=\"fusion-portfolio-post industrial-es fusion-col-spacing post-2671\"><div class=\"fusion-portfolio-content-wrapper\" style=\"border:1px solid #f5f5f5;border-bottom-width:3px;background-color:rgba(255,255,255,1);\"><span class=\"vcard rich-snippet-hidden\"><span class=\"fn\"><a href=\"https:\/\/tradesgroupnational.com\/es\/author\/hansnelson\/\" title=\"Entradas de HansNelson\" rel=\"author\">HansNelson<\/a><\/span><\/span><span class=\"updated rich-snippet-hidden\">2024-06-08T09:31:49-07:00<\/span><div  class=\"fusion-image-wrapper\" aria-haspopup=\"true\">\n\t\t\t\t\t\t\t<a href=\"https:\/\/tradesgroupnational.com\/es\/portfolio-items\/morton-salt-long-beach-production-facility-diseno-y-remodelacion-completa-de-aseos-para-todos-los-sexos\/\" aria-label=\"Morton Salt Long Beach Production Facility &#8211; Dise\u00f1o y Remodelaci\u00f3n Completa de Aseos para Todos los Sexos\">\n\t\t\t\t\t\t\t<img decoding=\"async\" width=\"2560\" height=\"1920\" src=\"https:\/\/tradesgroupnational.com\/wp-content\/uploads\/2020\/11\/IMG_2003-scaled.jpeg\" class=\"attachment-full size-full lazyload wp-post-image\" alt=\"\" srcset=\"data:image\/svg+xml,%3Csvg%20xmlns%3D%27http%3A%2F%2Fwww.w3.org%2F2000%2Fsvg%27%20width%3D%272560%27%20height%3D%271920%27%20viewBox%3D%270%200%202560%201920%27%3E%3Crect%20width%3D%272560%27%20height%3D%271920%27%20fill-opacity%3D%220%22%2F%3E%3C%2Fsvg%3E\" data-orig-src=\"https:\/\/tradesgroupnational.com\/wp-content\/uploads\/2020\/11\/IMG_2003-scaled.jpeg\" data-srcset=\"https:\/\/tradesgroupnational.com\/wp-content\/uploads\/2020\/11\/IMG_2003-200x150.jpeg 200w, https:\/\/tradesgroupnational.com\/wp-content\/uploads\/2020\/11\/IMG_2003-400x300.jpeg 400w, https:\/\/tradesgroupnational.com\/wp-content\/uploads\/2020\/11\/IMG_2003-600x450.jpeg 600w, https:\/\/tradesgroupnational.com\/wp-content\/uploads\/2020\/11\/IMG_2003-800x600.jpeg 800w, https:\/\/tradesgroupnational.com\/wp-content\/uploads\/2020\/11\/IMG_2003-1200x900.jpeg 1200w, https:\/\/tradesgroupnational.com\/wp-content\/uploads\/2020\/11\/IMG_2003-scaled.jpeg 2560w\" data-sizes=\"auto\" \/>\t\t\t<\/a>\n\t\t\t\t\t\t\t<\/div>\n<div class=\"fusion-portfolio-content\" style=\"background-color:rgba(255,255,255,1);\"><h2 class=\"entry-title fusion-post-title\"><a href=\"https:\/\/tradesgroupnational.com\/es\/portfolio-items\/morton-salt-long-beach-production-facility-diseno-y-remodelacion-completa-de-aseos-para-todos-los-sexos\/\">Morton Salt Long Beach Production Facility &#8211; Dise\u00f1o y Remodelaci\u00f3n Completa de Aseos para Todos los Sexos<\/a><\/h2><div class=\"fusion-portfolio-meta\"><a href=\"https:\/\/tradesgroupnational.com\/es\/portfolio_category\/industrial-es\/\" rel=\"tag\">Industrial<\/a><\/div><div class=\"fusion-content-sep sep-single sep-solid\" style=\"border-color:#eae8e8;\"><\/div><div class=\"fusion-post-content\"><p> Dise\u00f1o y remodelaci\u00f3n completa de aseos para todos los sexos   The Trades Group, Inc. dise\u00f1\u00f3, construy\u00f3 y entreg\u00f3 unos aseos de dise\u00f1o abierto y tem\u00e1tica industrial utilizando materiales que ponen de relieve la industria salinera de Morton. La remodelaci\u00f3n transform\u00f3 el aseo de caballeros extragrande en dos aseos sin pulsador y proporciona<\/p><\/div><\/div><\/div><\/article><\/div><\/div><\/div><\/div><\/div><\/div>\n","protected":false},"excerpt":{"rendered":"","protected":false},"author":1,"featured_media":0,"parent":0,"menu_order":0,"comment_status":"closed","ping_status":"closed","template":"","meta":{"footnotes":""},"class_list":["post-2674","page","type-page","status-publish","hentry"],"yoast_head":"<!-- This site is optimized with the Yoast SEO plugin v27.0 - https:\/\/yoast.com\/product\/yoast-seo-wordpress\/ -->\n<title>Proyectos destacados | The Trades Group<\/title>\n<meta name=\"description\" content=\"The Trades Group, Inc. es un contratista de construcci\u00f3n con sede en California que se centra en proyectos comerciales, industriales y municipales.\" \/>\n<meta name=\"robots\" content=\"index, follow, max-snippet:-1, max-image-preview:large, max-video-preview:-1\" \/>\n<link rel=\"canonical\" href=\"https:\/\/tradesgroupnational.com\/es\/proyectos-destacados\/\" \/>\n<meta property=\"og:locale\" content=\"es_ES\" \/>\n<meta property=\"og:type\" content=\"article\" \/>\n<meta property=\"og:title\" content=\"The Trades Group, Inc. Proyectos destacados\" \/>\n<meta property=\"og:description\" content=\"The Trades Group, Inc. es un contratista general con sede en California que se centra en proyectos comerciales, industriales y municipales.\" \/>\n<meta property=\"og:url\" content=\"https:\/\/tradesgroupnational.com\/es\/proyectos-destacados\/\" \/>\n<meta property=\"og:site_name\" content=\"The Trades Group\" \/>\n<meta property=\"article:publisher\" content=\"https:\/\/www.facebook.com\/tradesgroupnational\/\" \/>\n<meta property=\"article:modified_time\" content=\"2024-06-08T16:27:35+00:00\" \/>\n<meta property=\"og:image\" content=\"http:\/\/tradesgroupnational.com\/wp-content\/uploads\/2022\/04\/TG-Buildzoom-200x200ICON.png\" \/>\n<meta name=\"twitter:card\" content=\"summary_large_image\" \/>\n<meta name=\"twitter:title\" content=\"The Trades Group, Inc.\" \/>\n<meta name=\"twitter:description\" content=\"The Trades Group, Inc. es un contratista general con sede en California que se centra en proyectos comerciales, industriales y municipales.\" \/>\n<meta name=\"twitter:image\" content=\"http:\/\/tradesgroupnational.com\/wp-content\/uploads\/2022\/04\/TG-Buildzoom-200x200ICON.png\" \/>\n<meta name=\"twitter:site\" content=\"@thetradesgroup\" \/>\n<meta name=\"twitter:label1\" content=\"Tiempo de lectura\" \/>\n\t<meta name=\"twitter:data1\" content=\"3 minutos\" \/>\n<script type=\"application\/ld+json\" class=\"yoast-schema-graph\">{\"@context\":\"https:\/\/schema.org\",\"@graph\":[{\"@type\":\"WebPage\",\"@id\":\"https:\/\/tradesgroupnational.com\/es\/proyectos-destacados\/\",\"url\":\"https:\/\/tradesgroupnational.com\/es\/proyectos-destacados\/\",\"name\":\"Proyectos destacados | The Trades Group\",\"isPartOf\":{\"@id\":\"https:\/\/tradesgroupnational.com\/es\/#website\"},\"datePublished\":\"2020-11-07T20:30:19+00:00\",\"dateModified\":\"2024-06-08T16:27:35+00:00\",\"description\":\"The Trades Group, Inc. es un contratista de construcci\u00f3n con sede en California que se centra en proyectos comerciales, industriales y municipales.\",\"breadcrumb\":{\"@id\":\"https:\/\/tradesgroupnational.com\/es\/proyectos-destacados\/#breadcrumb\"},\"inLanguage\":\"es\",\"potentialAction\":[{\"@type\":\"ReadAction\",\"target\":[\"https:\/\/tradesgroupnational.com\/es\/proyectos-destacados\/\"]}]},{\"@type\":\"BreadcrumbList\",\"@id\":\"https:\/\/tradesgroupnational.com\/es\/proyectos-destacados\/#breadcrumb\",\"itemListElement\":[{\"@type\":\"ListItem\",\"position\":1,\"name\":\"Home\",\"item\":\"https:\/\/tradesgroupnational.com\/es\/\"},{\"@type\":\"ListItem\",\"position\":2,\"name\":\"Proyectos destacados\"}]},{\"@type\":\"WebSite\",\"@id\":\"https:\/\/tradesgroupnational.com\/es\/#website\",\"url\":\"https:\/\/tradesgroupnational.com\/es\/\",\"name\":\"The Trades Group\",\"description\":\"Construction Company\",\"publisher\":{\"@id\":\"https:\/\/tradesgroupnational.com\/es\/#organization\"},\"potentialAction\":[{\"@type\":\"SearchAction\",\"target\":{\"@type\":\"EntryPoint\",\"urlTemplate\":\"https:\/\/tradesgroupnational.com\/es\/?s={search_term_string}\"},\"query-input\":{\"@type\":\"PropertyValueSpecification\",\"valueRequired\":true,\"valueName\":\"search_term_string\"}}],\"inLanguage\":\"es\"},{\"@type\":\"Organization\",\"@id\":\"https:\/\/tradesgroupnational.com\/es\/#organization\",\"name\":\"The Trades Group, Inc.\",\"url\":\"https:\/\/tradesgroupnational.com\/es\/\",\"logo\":{\"@type\":\"ImageObject\",\"inLanguage\":\"es\",\"@id\":\"https:\/\/tradesgroupnational.com\/es\/#\/schema\/logo\/image\/\",\"url\":\"https:\/\/tradesgroupnational.com\/wp-content\/uploads\/2024\/06\/cropped-TGNC-Icon-LogoArtboard-1.png\",\"contentUrl\":\"https:\/\/tradesgroupnational.com\/wp-content\/uploads\/2024\/06\/cropped-TGNC-Icon-LogoArtboard-1.png\",\"width\":512,\"height\":512,\"caption\":\"The Trades Group, Inc.\"},\"image\":{\"@id\":\"https:\/\/tradesgroupnational.com\/es\/#\/schema\/logo\/image\/\"},\"sameAs\":[\"https:\/\/www.facebook.com\/tradesgroupnational\/\",\"https:\/\/x.com\/thetradesgroup\"]}]}<\/script>\n<!-- \/ Yoast SEO plugin. -->","yoast_head_json":{"title":"Proyectos destacados | The Trades Group","description":"The Trades Group, Inc. es un contratista de construcci\u00f3n con sede en California que se centra en proyectos comerciales, industriales y municipales.","robots":{"index":"index","follow":"follow","max-snippet":"max-snippet:-1","max-image-preview":"max-image-preview:large","max-video-preview":"max-video-preview:-1"},"canonical":"https:\/\/tradesgroupnational.com\/es\/proyectos-destacados\/","og_locale":"es_ES","og_type":"article","og_title":"The Trades Group, Inc. Proyectos destacados","og_description":"The Trades Group, Inc. es un contratista general con sede en California que se centra en proyectos comerciales, industriales y municipales.","og_url":"https:\/\/tradesgroupnational.com\/es\/proyectos-destacados\/","og_site_name":"The Trades Group","article_publisher":"https:\/\/www.facebook.com\/tradesgroupnational\/","article_modified_time":"2024-06-08T16:27:35+00:00","og_image":[{"url":"http:\/\/tradesgroupnational.com\/wp-content\/uploads\/2022\/04\/TG-Buildzoom-200x200ICON.png","type":"","width":"","height":""}],"twitter_card":"summary_large_image","twitter_title":"The Trades Group, Inc.","twitter_description":"The Trades Group, Inc. es un contratista general con sede en California que se centra en proyectos comerciales, industriales y municipales.","twitter_image":"http:\/\/tradesgroupnational.com\/wp-content\/uploads\/2022\/04\/TG-Buildzoom-200x200ICON.png","twitter_site":"@thetradesgroup","twitter_misc":{"Tiempo de lectura":"3 minutos"},"schema":{"@context":"https:\/\/schema.org","@graph":[{"@type":"WebPage","@id":"https:\/\/tradesgroupnational.com\/es\/proyectos-destacados\/","url":"https:\/\/tradesgroupnational.com\/es\/proyectos-destacados\/","name":"Proyectos destacados | The Trades Group","isPartOf":{"@id":"https:\/\/tradesgroupnational.com\/es\/#website"},"datePublished":"2020-11-07T20:30:19+00:00","dateModified":"2024-06-08T16:27:35+00:00","description":"The Trades Group, Inc. es un contratista de construcci\u00f3n con sede en California que se centra en proyectos comerciales, industriales y municipales.","breadcrumb":{"@id":"https:\/\/tradesgroupnational.com\/es\/proyectos-destacados\/#breadcrumb"},"inLanguage":"es","potentialAction":[{"@type":"ReadAction","target":["https:\/\/tradesgroupnational.com\/es\/proyectos-destacados\/"]}]},{"@type":"BreadcrumbList","@id":"https:\/\/tradesgroupnational.com\/es\/proyectos-destacados\/#breadcrumb","itemListElement":[{"@type":"ListItem","position":1,"name":"Home","item":"https:\/\/tradesgroupnational.com\/es\/"},{"@type":"ListItem","position":2,"name":"Proyectos destacados"}]},{"@type":"WebSite","@id":"https:\/\/tradesgroupnational.com\/es\/#website","url":"https:\/\/tradesgroupnational.com\/es\/","name":"The Trades Group","description":"Construction Company","publisher":{"@id":"https:\/\/tradesgroupnational.com\/es\/#organization"},"potentialAction":[{"@type":"SearchAction","target":{"@type":"EntryPoint","urlTemplate":"https:\/\/tradesgroupnational.com\/es\/?s={search_term_string}"},"query-input":{"@type":"PropertyValueSpecification","valueRequired":true,"valueName":"search_term_string"}}],"inLanguage":"es"},{"@type":"Organization","@id":"https:\/\/tradesgroupnational.com\/es\/#organization","name":"The Trades Group, Inc.","url":"https:\/\/tradesgroupnational.com\/es\/","logo":{"@type":"ImageObject","inLanguage":"es","@id":"https:\/\/tradesgroupnational.com\/es\/#\/schema\/logo\/image\/","url":"https:\/\/tradesgroupnational.com\/wp-content\/uploads\/2024\/06\/cropped-TGNC-Icon-LogoArtboard-1.png","contentUrl":"https:\/\/tradesgroupnational.com\/wp-content\/uploads\/2024\/06\/cropped-TGNC-Icon-LogoArtboard-1.png","width":512,"height":512,"caption":"The Trades Group, Inc."},"image":{"@id":"https:\/\/tradesgroupnational.com\/es\/#\/schema\/logo\/image\/"},"sameAs":["https:\/\/www.facebook.com\/tradesgroupnational\/","https:\/\/x.com\/thetradesgroup"]}]}},"_links":{"self":[{"href":"https:\/\/tradesgroupnational.com\/es\/wp-json\/wp\/v2\/pages\/2674","targetHints":{"allow":["GET"]}}],"collection":[{"href":"https:\/\/tradesgroupnational.com\/es\/wp-json\/wp\/v2\/pages"}],"about":[{"href":"https:\/\/tradesgroupnational.com\/es\/wp-json\/wp\/v2\/types\/page"}],"author":[{"embeddable":true,"href":"https:\/\/tradesgroupnational.com\/es\/wp-json\/wp\/v2\/users\/1"}],"replies":[{"embeddable":true,"href":"https:\/\/tradesgroupnational.com\/es\/wp-json\/wp\/v2\/comments?post=2674"}],"version-history":[{"count":2,"href":"https:\/\/tradesgroupnational.com\/es\/wp-json\/wp\/v2\/pages\/2674\/revisions"}],"predecessor-version":[{"id":3063,"href":"https:\/\/tradesgroupnational.com\/es\/wp-json\/wp\/v2\/pages\/2674\/revisions\/3063"}],"wp:attachment":[{"href":"https:\/\/tradesgroupnational.com\/es\/wp-json\/wp\/v2\/media?parent=2674"}],"curies":[{"name":"wp","href":"https:\/\/api.w.org\/{rel}","templated":true}]}}